{"id":3370,"date":"2023-08-07T16:17:31","date_gmt":"2023-08-07T16:17:31","guid":{"rendered":"http:\/\/52.73.158.27\/politica-de-cookies\/"},"modified":"2023-10-19T23:05:01","modified_gmt":"2023-10-19T23:05:01","slug":"politica-de-cookies","status":"publish","type":"page","link":"https:\/\/pre.sistemacreo.com\/pt-br\/politica-de-cookies\/","title":{"rendered":"Pol\u00edtica de cookies"},"content":{"rendered":"<div class=\"wpb-content-wrapper\"><p>[vc_row content_placement=&#8221;middle&#8221; wrap_container=&#8221;yes&#8221; el_class=&#8221;sec-top paddingcaja&#8221; conditional_render=&#8221;%5B%7B%22value_role%22%3A%22administrator%22%7D%5D&#8221; css=&#8221;.vc_custom_1692300946955{margin-bottom: 0px !important;padding-bottom: 0px !important;}&#8221;][vc_column css=&#8221;.vc_custom_1689004909834{padding-right: 0px !important;padding-left: 0px !important;}&#8221; conditional_render=&#8221;%5B%7B%22value_role%22%3A%22administrator%22%7D%5D&#8221;][vc_custom_heading text=&#8221;\u00c2mbito da pol\u00edtica e respons\u00e1vel pelo uso dos cookies&#8221; use_theme_fonts=&#8221;yes&#8221; skin=&#8221;primary&#8221; animation_type=&#8221;fadeInRight&#8221;][vc_column_text css=&#8221;.vc_custom_1697756668474{padding-bottom: 15px !important;}&#8221;]<\/p>\n<p style=\"text-align: justify;\"><strong>Esta pol\u00edtica de cookies aplica-se ao presente Site Web no qual o Usu\u00e1rio navega.<\/strong><\/p>\n<p>O respons\u00e1vel \u00e9 Grupo Santillana Educaci\u00f3n Global, S.L.U., com endere\u00e7o em Avda. dos Artes\u00e3os 6, 28760 Tres Cantos, Madrid \u2013 Espanha, com NIF B-28095420. Inscrito no Registro Mercantil de Madrid no tomo 1.432, geral 878, da se\u00e7\u00e3o 3\u00aa, do livro de sociedades, folha 144, p\u00e1gina 5.873, inscri\u00e7\u00e3o 1\u00aa; entidade que faz parte do Grupo PRISA (a seguir, o Respons\u00e1vel).<\/p>\n<p>E-mail do Delegado de Prote\u00e7\u00e3o de Dados do Grupo PRISA: dpo@prisa.com<\/p>\n<p style=\"text-align: justify;\"><span style=\"color: #032e51;\"><strong>CONFIGURA\u00c7\u00c3O DE COOKIES<\/strong><\/span><\/p>\n<p style=\"text-align: justify;\">Informamos que o usu\u00e1rio, a qualquer momento, poder\u00e1 recusar ou configurar o uso de Cookies, atrav\u00e9s dos seguintes tipos de configura\u00e7\u00e3o, dependendo da forma de navega\u00e7\u00e3o realizada pelo usu\u00e1rio:<\/p>\n<p>\u2022 Uso de aplica\u00e7\u00f5es m\u00f3veis do Respons\u00e1vel: O usu\u00e1rio poder\u00e1 configurar o uso de cookies acessando a se\u00e7\u00e3o de Ajustes\/Configura\u00e7\u00e3o de Cookies da aplica\u00e7\u00e3o.<\/p>\n<p>\u2022 Navega\u00e7\u00e3o pelo Site Web utilizando um computador ou dispositivos m\u00f3veis: O usu\u00e1rio poder\u00e1 acessar a configura\u00e7\u00e3o clicando no seguinte link.<\/p>\n<p style=\"text-align: justify;\"><span style=\"color: #032e51;\"><strong>O QUE S\u00c3O COOKIES?<\/strong><\/span><\/p>\n<p style=\"text-align: justify;\">Os Cookies, e outras t\u00e9cnicas semelhantes, s\u00e3o arquivos de texto ou imagem que o Servi\u00e7o ao qual se acede instala no equipamento ou dispositivo (PC, Smartphone, Tablet, etc.) do usu\u00e1rio para registrar a atividade de sua navega\u00e7\u00e3o atrav\u00e9s das p\u00e1ginas e se\u00e7\u00f5es dos Servi\u00e7os.<\/p>\n<p style=\"text-align: justify;\">Os Cookies est\u00e3o associados apenas a um c\u00f3digo (ID) que identifica o dispositivo e o navegador utilizado em cada visita, portanto, n\u00e3o fornecem refer\u00eancias que permitam deduzir outros dados pessoais do usu\u00e1rio.<\/p>\n<p style=\"text-align: justify;\"><span style=\"color: #032e51;\"><strong>PARA QUE S\u00c3O UTILIZADOS OS COOKIES NOS SERVI\u00c7OS?<\/strong><\/span><\/p>\n<p style=\"text-align: justify;\">Os Servi\u00e7os do Respons\u00e1vel utilizam Cookies:<\/p>\n<p>a) com o objetivo de oferecer ao usu\u00e1rio conte\u00fados e informa\u00e7\u00e3o mais adequados aos seus interesses e facilitar sua navega\u00e7\u00e3o atrav\u00e9s dos nossos Servi\u00e7os.<\/p>\n<p>b) para registrar as prefer\u00eancias do Usu\u00e1rio e proporcionar-lhe um acesso mais r\u00e1pido.<\/p>\n<p>c) para realizar um acompanhamento e analisar os usos do Usu\u00e1rio de um servi\u00e7o com o fim de elaborar perfis de navega\u00e7\u00e3o estat\u00edsticos que ajudem na otimiza\u00e7\u00e3o e melhoria da experi\u00eancia de uso do Servi\u00e7o (por exemplo, lembrar os produtos inclu\u00eddos no &#8220;carrinho de compras&#8221;).<\/p>\n<p>Para usu\u00e1rios registrados, a informa\u00e7\u00e3o ser\u00e1 tratada conforme o indicado na Pol\u00edtica ou Cl\u00e1usula de Privacidade que o Usu\u00e1rio aceitou ao se registrar, e conforme o indicado na presente Pol\u00edtica de Cookies.<\/p>\n<p style=\"text-align: justify;\"><span style=\"color: #032e51;\"><strong>QUE TIPOS DE COOKIES EXISTEM NOS SERVI\u00c7OS E QUAIS S\u00c3O AS SUAS FINALIDADES?<\/strong><\/span><\/p>\n<p style=\"text-align: justify;\">De acordo com a sua dura\u00e7\u00e3o, os Cookies podem ser divididos em:<\/p>\n<p>\u2022 Cookies de sess\u00e3o: Estes expiram quando o Usu\u00e1rio fecha o navegador e s\u00e3o apagados do computador ou dispositivo nesse momento.<\/p>\n<p>\u2022 Cookies persistentes: Expiram de acordo com a realiza\u00e7\u00e3o do objetivo para o qual servem (por exemplo, para que o Usu\u00e1rio permane\u00e7a identificado no Site Web) ou quando s\u00e3o apagados manualmente.<\/p>\n<p>De acordo com quem cria o Cookie, s\u00e3o classificados em:<\/p>\n<p>\u2022 Cookies pr\u00f3prios: S\u00e3o aqueles enviados ao seu computador ou dispositivo pelos nossos Servi\u00e7os Web e s\u00e3o gerenciados exclusivamente pelo respons\u00e1vel.<\/p>\n<p>\u2022 Cookies de terceiros: S\u00e3o aqueles enviados por entidades externas ao respons\u00e1vel e que s\u00e3o ativados quando se acessa os nossos Servi\u00e7os, seja para acessar redes sociais ou para visualizar v\u00eddeos.<\/p>\n<p style=\"text-align: justify;\"><span style=\"color: #032e51;\"><strong>QUE COOKIES PODEM SER INSTALADOS NOS SERVI\u00c7OS?<\/strong><\/span><\/p>\n<p style=\"text-align: justify;\">O acesso ao Servi\u00e7o implica que podem ser instalados Cookies, pr\u00f3prios e\/ou de terceiros, detalhados na seguinte tabela:<\/p>\n<table class=\" alignleft\">\n<tbody>\n<tr>\n<td><strong>Tipo de cookies<\/strong><\/td>\n<td><strong>Descri\u00e7\u00e3o<\/strong><\/td>\n<td><strong>Finalidade \/ informa\u00e7\u00e3o<\/strong><\/td>\n<td><strong>Prazo de tratamento<\/strong><\/td>\n<\/tr>\n<tr>\n<td><strong>Desempenho<\/strong><\/td>\n<td>Estes Cookies s\u00e3o utilizados para melhorar a sua experi\u00eancia de navega\u00e7\u00e3o e otimizar o funcionamento dos nossos Servi\u00e7os. Armazenam configura\u00e7\u00f5es dos servi\u00e7os para que n\u00e3o tenha que reconfigur\u00e1-las cada vez que nos visite.<\/td>\n<td>Ajustes de volume de reprodutores de v\u00eddeo ou som; as velocidades de transmiss\u00e3o de v\u00eddeo compat\u00edveis com o seu navegador; os objetos guardados no &#8220;carrinho de compras&#8221; nos Servi\u00e7os de E-commerce; etc.<\/td>\n<td>Persistentes<\/td>\n<\/tr>\n<tr>\n<td><strong>Anal\u00edticas<\/strong><\/td>\n<td>Cada vez que um Usu\u00e1rio visita um Servi\u00e7o, uma ferramenta de um fornecedor externo gera um Cookie anal\u00edtico no computador do Usu\u00e1rio. Este Cookie, que s\u00f3 \u00e9 gerado na visita, servir\u00e1 em visitas futuras aos Servi\u00e7os para identificar de forma an\u00f4nima o visitante.<\/td>\n<td>Permitir a identifica\u00e7\u00e3o an\u00f4nima dos Usu\u00e1rios navegantes atrav\u00e9s do &#8220;Cookie&#8221; (identifica navegadores e dispositivos, n\u00e3o pessoas) e, portanto, a contabiliza\u00e7\u00e3o aproximada do n\u00famero de visitantes e sua tend\u00eancia ao longo do tempo. Identificar de forma an\u00f4nima os conte\u00fados mais visitados e mais atraentes para os Usu\u00e1rios. Saber se o Usu\u00e1rio que est\u00e1 acessando \u00e9 novo ou faz uma visita repetida. A menos que o Usu\u00e1rio decida se registrar em um Servi\u00e7o do Site Web, o &#8220;Cookie&#8221; nunca estar\u00e1 associado a nenhum dado pessoal que possa identific\u00e1-lo diretamente. Estes Cookies s\u00f3 ser\u00e3o utilizados para fins estat\u00edsticos que ajudem na otimiza\u00e7\u00e3o e melhoria da experi\u00eancia dos Usu\u00e1rios no Servi\u00e7o.<\/td>\n<td>Persistentes<\/td>\n<\/tr>\n<tr>\n<td><strong>Registro<\/strong><\/td>\n<td>Os Cookies de registro s\u00e3o gerados uma vez que o Usu\u00e1rio se registrou ou posteriormente abriu sua sess\u00e3o, e s\u00e3o usados para identific\u00e1-lo nos Servi\u00e7os.<\/td>\n<td>Manter o Usu\u00e1rio identificado, mesmo se fechar o nosso site ou o navegador, de modo que, quando voltar ao mesmo site, continue identificado. Se o Usu\u00e1rio encerrar a sess\u00e3o, este Cookie ser\u00e1 eliminado, e na pr\u00f3xima vez que entrar no Servi\u00e7o ter\u00e1 que fazer login para estar identificado. Verificar se o Usu\u00e1rio est\u00e1 autorizado a acessar certos Servi\u00e7os, por exemplo, para participar de um concurso. Adicionalmente, alguns Servi\u00e7os podem usar conectores com redes sociais como Facebook ou Twitter. Quando o Usu\u00e1rio se registra em um Servi\u00e7o com credenciais de uma rede social, autoriza a rede social a guardar um Cookie persistente que lembra sua identidade e garante o acesso aos Servi\u00e7os at\u00e9 que expire. O Usu\u00e1rio pode apagar este Cookie e revogar o acesso aos Servi\u00e7os atrav\u00e9s das redes sociais atualizando suas prefer\u00eancias na rede social especificada.<\/td>\n<td>Persistentes<\/td>\n<\/tr>\n<tr>\n<td><strong>Geolocaliza\u00e7\u00e3o<\/strong><\/td>\n<td>Estes Cookies s\u00e3o totalmente an\u00f4nimos e s\u00e3o usados apenas para ajudar a direcionar o conte\u00fado para a sua localiza\u00e7\u00e3o.<\/td>\n<td>Estes Cookies s\u00e3o usados para descobrir em que pa\u00eds voc\u00ea est\u00e1 quando solicita um Servi\u00e7o.<\/td>\n<td>De sess\u00e3o<\/td>\n<\/tr>\n<\/tbody>\n<\/table>\n<p>&nbsp;<\/p>\n<p>&nbsp;<\/p>\n<p style=\"text-align: justify;\"><span style=\"color: #032e51;\"><strong>\u00bfQUEM S\u00c3O OS DESTINAT\u00c1RIOS DA INFORMA\u00c7\u00c3O?<\/strong><\/span><\/p>\n<p style=\"text-align: justify;\">A informa\u00e7\u00e3o obtida atrav\u00e9s dos cookies dos nossos Servi\u00e7os ser\u00e1 conhecida pelas empresas colaboradoras, para os fins descritos nesta pol\u00edtica.<br \/>\nPara conhecer as empresas colaboradoras que incorporam seus cookies em nosso Servi\u00e7o e o que cada empresa faz, quais dados coletam e como os usam, acesse o bot\u00e3o Ver nossos parceiros na tela de configura\u00e7\u00e3o correspondente.<\/p>\n<p style=\"text-align: justify;\"><span style=\"color: #032e51;\"><strong>COMO DESATIVAR OS COOKIES?<\/strong><\/span><\/p>\n<p>Ao acessar o Servi\u00e7o, o usu\u00e1rio ver\u00e1 um aviso de cookies no qual ser\u00e1 informado sobre como pode dar ou recusar seu consentimento para instalar os cookies.<\/p>\n<p>Al\u00e9m disso, o Usu\u00e1rio pode se opor ao uso de certos cookies atrav\u00e9s dos seguintes servi\u00e7os:<\/p>\n<p><a href=\"http:\/\/youronlinechoices.eu\/\">http:\/\/youronlinechoices.eu\/<\/a><br \/>\n<a href=\"http:\/\/www.networkadvertising.org\/choices\/\">http:\/\/www.networkadvertising.org\/choices\/<\/a><br \/>\n<a href=\"http:\/\/www.aboutads.info\/choices\/\">http:\/\/www.aboutads.info\/choices\/<\/a><\/p>\n<p>Por outro lado, o Usu\u00e1rio pode, a qualquer momento, desativar ou eliminar os cookies atrav\u00e9s da configura\u00e7\u00e3o do navegador que utiliza em seu dispositivo ou terminal. A seguir, fornecemos acesso a p\u00e1ginas informativas dos principais navegadores da internet para a configura\u00e7\u00e3o de cookies:<\/p>\n<p><a href=\"https:\/\/support.google.com\/chrome\/answer\/95647?hl=es\">Configura\u00e7\u00e3o de cookies para Google Chrome<\/a><br \/>\n<a href=\"https:\/\/support.mozilla.org\/es\/kb\/cookies-informacion-que-los-sitios-web-guardan-en-?redirectlocale=en-US&amp;redirectslug=Cookies\">Configura\u00e7\u00e3o de cookies para Mozilla Firefox<\/a><br \/>\n<a href=\"https:\/\/support.microsoft.com\/es-es\/help\/278835\/how-to-delete-cookie-files-in-internet-explorer\">Configura\u00e7\u00e3o de cookies para Internet Explorer<\/a><br \/>\n<a href=\"https:\/\/support.apple.com\/es-es\/HT201265\">Configura\u00e7\u00e3o de cookies para Safari<\/a><\/p>\n<p style=\"text-align: justify;\"><span style=\"color: #032e51;\"><strong>O QUE ACONTECE SE OS COOKIES FOREM DESATIVADOS?<\/strong><\/span><\/p>\n<p style=\"text-align: justify;\">Se voc\u00ea desativar os cookies, n\u00e3o poderemos manter suas prefer\u00eancias e algumas funcionalidades do Servi\u00e7o podem ficar inoperantes, e n\u00e3o poderemos oferecer servi\u00e7os personalizados.<\/p>\n<p style=\"text-align: justify;\"><span style=\"color: #032e51;\"><strong>O USO DE COOKIES AFETA A PROTE\u00c7\u00c3O DOS MEUS DADOS PESSOAIS?<\/strong><\/span><\/p>\n<p style=\"text-align: justify;\">A maioria dos cookies coleta informa\u00e7\u00f5es an\u00f4nimas, que n\u00e3o permitem obter a identidade do usu\u00e1rio, embora alguns dos c\u00f3digos inclu\u00eddos sirvam para singularizar ou individualizar o navegador do dispositivo utilizado, podendo ser aplic\u00e1vel a legisla\u00e7\u00e3o sobre prote\u00e7\u00e3o de dados pessoais. Portanto, informamos que a informa\u00e7\u00e3o obtida atrav\u00e9s dos cookies ser\u00e1 tratada para os fins indicados nesta Pol\u00edtica de Cookies. Al\u00e9m disso, essa informa\u00e7\u00e3o tamb\u00e9m ser\u00e1 tratada por aquelas empresas que fornecem cookies para os fins indicados em suas respectivas pol\u00edticas de privacidade, acess\u00edveis atrav\u00e9s do bot\u00e3o Ver nossos parceiros na tela de configura\u00e7\u00e3o correspondente.<\/p>\n<p>No entanto, tendo em conta que esses c\u00f3digos n\u00e3o permitem a identifica\u00e7\u00e3o do Usu\u00e1rio, n\u00e3o ser\u00e3o aplic\u00e1veis os direitos de acesso, retifica\u00e7\u00e3o, elimina\u00e7\u00e3o, oposi\u00e7\u00e3o, limita\u00e7\u00e3o e portabilidade reconhecidos na legisla\u00e7\u00e3o de prote\u00e7\u00e3o de dados, a menos que o Usu\u00e1rio possa fornecer informa\u00e7\u00f5es adicionais que permitam vincular sua identidade com os c\u00f3digos identificativos de seus cookies.<\/p>\n<p>Caso considere violado seu direito \u00e0 prote\u00e7\u00e3o de dados, o usu\u00e1rio poder\u00e1 apresentar uma reclama\u00e7\u00e3o \u00e0 Ag\u00eancia Espanhola de Prote\u00e7\u00e3o de Dados (www.aepd.es) ou ao Delegado de Prote\u00e7\u00e3o de Dados do Grupo PRISA (<a href=\"mailto:dpo@prisa.com\">dpo@prisa.com<\/a>).<\/p>\n<p>Al\u00e9m disso, informamos que alguns de nossos fornecedores, parceiros e colaboradores podem estar localizados nos Estados Unidos ou em outros pa\u00edses cuja legisla\u00e7\u00e3o n\u00e3o oferece um n\u00edvel de prote\u00e7\u00e3o de dados equivalente ao europeu. Ao consentir o uso de cookies e compartilhar dados, voc\u00ea consente com a transfer\u00eancia de seus dados pessoais.<\/p>\n<p style=\"text-align: justify;\"><span style=\"color: #032e51;\"><strong>ATUALIZA\u00c7\u00d5ES E ALTERA\u00c7\u00d5ES NA POL\u00cdTICA DE PRIVACIDADE\/COOKIES:<\/strong><\/span><\/p>\n<p style=\"text-align: justify;\">O respons\u00e1vel pelo Servi\u00e7o pode modificar esta Pol\u00edtica de Cookies de acordo com requisitos legislativos, regulamentares, ou com o objetivo de adaptar essa pol\u00edtica \u00e0s instru\u00e7\u00f5es dadas pela Ag\u00eancia Espanhola de Prote\u00e7\u00e3o de Dados. Por isso, aconselhamos aos Usu\u00e1rios que a visitem periodicamente.<\/p>\n<p>[\/vc_column_text][\/vc_column][\/vc_row]<\/p>\n<\/div>","protected":false},"excerpt":{"rendered":"<p>[vc_row content_placement=&#8221;middle&#8221; wrap_container=&#8221;yes&#8221; el_class=&#8221;sec-top paddingcaja&#8221; conditional_render=&#8221;%5B%7B%22value_role%22%3A%22administrator%22%7D%5D&#8221; css=&#8221;.vc_custom_1692300946955{margin-bottom: 0px !important;padding-bottom: 0px !important;}&#8221;][vc_column css=&#8221;.vc_custom_1689004909834{padding-right: 0px !important;padding-left: 0px !important;}&#8221; conditional_render=&#8221;%5B%7B%22value_role%22%3A%22administrator%22%7D%5D&#8221;][vc_custom_heading text=&#8221;\u00c2mbito da pol\u00edtica e respons\u00e1vel pelo uso dos cookies&#8221; use_theme_fonts=&#8221;yes&#8221; skin=&#8221;primary&#8221; animation_type=&#8221;fadeInRight&#8221;][vc_column_text css=&#8221;.vc_custom_1697756668474{padding-bottom: 15px !important;}&#8221;] Esta pol\u00edtica de cookies aplica-se ao presente Site Web no qual o Usu\u00e1rio navega. O respons\u00e1vel \u00e9 Grupo Santillana Educaci\u00f3n Global, S.L.U., com [&hellip;]<\/p>\n","protected":false},"author":1,"featured_media":0,"parent":0,"menu_order":0,"comment_status":"closed","ping_status":"closed","template":"","meta":{"footnotes":""},"class_list":["post-3370","page","type-page","status-publish","hentry"],"_links":{"self":[{"href":"https:\/\/pre.sistemacreo.com\/pt-br\/wp-json\/wp\/v2\/pages\/3370","targetHints":{"allow":["GET"]}}],"collection":[{"href":"https:\/\/pre.sistemacreo.com\/pt-br\/wp-json\/wp\/v2\/pages"}],"about":[{"href":"https:\/\/pre.sistemacreo.com\/pt-br\/wp-json\/wp\/v2\/types\/page"}],"author":[{"embeddable":true,"href":"https:\/\/pre.sistemacreo.com\/pt-br\/wp-json\/wp\/v2\/users\/1"}],"replies":[{"embeddable":true,"href":"https:\/\/pre.sistemacreo.com\/pt-br\/wp-json\/wp\/v2\/comments?post=3370"}],"version-history":[{"count":0,"href":"https:\/\/pre.sistemacreo.com\/pt-br\/wp-json\/wp\/v2\/pages\/3370\/revisions"}],"wp:attachment":[{"href":"https:\/\/pre.sistemacreo.com\/pt-br\/wp-json\/wp\/v2\/media?parent=3370"}],"curies":[{"name":"wp","href":"https:\/\/api.w.org\/{rel}","templated":true}]}}