{"id":3373,"date":"2023-08-07T16:34:38","date_gmt":"2023-08-07T16:34:38","guid":{"rendered":"http:\/\/52.73.158.27\/configuracion-de-cookies\/"},"modified":"2023-10-19T23:06:59","modified_gmt":"2023-10-19T23:06:59","slug":"configuracao-de-cookies","status":"publish","type":"page","link":"https:\/\/pre.sistemacreo.com\/pt-br\/configuracao-de-cookies\/","title":{"rendered":"Configura\u00e7\u00e3o de cookies"},"content":{"rendered":"<div class=\"wpb-content-wrapper\"><p>[vc_row content_placement=&#8221;middle&#8221; wrap_container=&#8221;yes&#8221; el_class=&#8221;sec-top paddingcaja&#8221; conditional_render=&#8221;%5B%7B%22value_role%22%3A%22administrator%22%7D%5D&#8221; css=&#8221;.vc_custom_1692300160830{margin-bottom: 0px !important;padding-bottom: 0px !important;}&#8221;][vc_column css=&#8221;.vc_custom_1689004909834{padding-right: 0px !important;padding-left: 0px !important;}&#8221; conditional_render=&#8221;%5B%7B%22value_role%22%3A%22administrator%22%7D%5D&#8221;][vc_custom_heading text=&#8221;Configura\u00e7\u00e3o de cookies&#8221; use_theme_fonts=&#8221;yes&#8221; skin=&#8221;primary&#8221; animation_type=&#8221;fadeInRight&#8221;][vc_column_text css=&#8221;.vc_custom_1697756814719{padding-bottom: 15px !important;}&#8221;]<span style=\"color: #032e51;\"><b>Para que finalidades a minha informa\u00e7\u00e3o \u00e9 utilizada e quem a utiliza?<\/b><\/span><\/p>\n<p class=\"\" style=\"text-align: justify;\">Este site utiliza cookies pr\u00f3prios e de terceiros, para ter acesso \u00e0 sua informa\u00e7\u00e3o pelas finalidades indicadas a seguir. Se n\u00e3o concordar com alguma destas finalidades, poder\u00e1 personalizar as suas op\u00e7\u00f5es atrav\u00e9s desta tela.<\/p>\n<p>N\u00f3s e as empresas que colaboram connosco utilizaremos a sua informa\u00e7\u00e3o obtida atrav\u00e9s dos cookies. Para conhecer as empresas parceiras que incorporam seus cookies no nosso site, pode aceder pelo bot\u00e3o Ver os nossos parceiros. Pode configurar as suas prefer\u00eancias de consentimento separadamente para cada um dos parceiros mencionados.<\/p>\n<p><strong>Informa\u00e7\u00e3o adicional:<\/strong> Pode obter informa\u00e7\u00e3o completa sobre o uso dos cookies, sua configura\u00e7\u00e3o, origem, prop\u00f3sitos e direitos na nossa Pol\u00edtica de Cookies.<\/p>\n<p>Voc\u00ea permite o uso dos cookies para as seguintes finalidades:<\/p>\n<p>\u2013 Armazenar ou aceder a informa\u00e7\u00e3o num dispositivo<\/p>\n<p>\u2013 Medir o desempenho do conte\u00fado<\/p>\n<p>\u2013 Realizar estudos de mercado para gerar informa\u00e7\u00f5es sobre o p\u00fablico<\/p>\n<p>\u2013 Desenvolver e melhorar produtos[\/vc_column_text][\/vc_column][\/vc_row]<\/p>\n<\/div>","protected":false},"excerpt":{"rendered":"<p>[vc_row content_placement=&#8221;middle&#8221; wrap_container=&#8221;yes&#8221; el_class=&#8221;sec-top paddingcaja&#8221; conditional_render=&#8221;%5B%7B%22value_role%22%3A%22administrator%22%7D%5D&#8221; css=&#8221;.vc_custom_1692300160830{margin-bottom: 0px !important;padding-bottom: 0px !important;}&#8221;][vc_column css=&#8221;.vc_custom_1689004909834{padding-right: 0px !important;padding-left: 0px !important;}&#8221; conditional_render=&#8221;%5B%7B%22value_role%22%3A%22administrator%22%7D%5D&#8221;][vc_custom_heading text=&#8221;Configura\u00e7\u00e3o de cookies&#8221; use_theme_fonts=&#8221;yes&#8221; skin=&#8221;primary&#8221; animation_type=&#8221;fadeInRight&#8221;][vc_column_text css=&#8221;.vc_custom_1697756814719{padding-bottom: 15px !important;}&#8221;]Para que finalidades a minha informa\u00e7\u00e3o \u00e9 utilizada e quem a utiliza? Este site utiliza cookies pr\u00f3prios e de terceiros, para ter acesso \u00e0 sua informa\u00e7\u00e3o pelas finalidades indicadas a [&hellip;]<\/p>\n","protected":false},"author":1,"featured_media":0,"parent":0,"menu_order":0,"comment_status":"closed","ping_status":"closed","template":"","meta":{"footnotes":""},"class_list":["post-3373","page","type-page","status-publish","hentry"],"_links":{"self":[{"href":"https:\/\/pre.sistemacreo.com\/pt-br\/wp-json\/wp\/v2\/pages\/3373","targetHints":{"allow":["GET"]}}],"collection":[{"href":"https:\/\/pre.sistemacreo.com\/pt-br\/wp-json\/wp\/v2\/pages"}],"about":[{"href":"https:\/\/pre.sistemacreo.com\/pt-br\/wp-json\/wp\/v2\/types\/page"}],"author":[{"embeddable":true,"href":"https:\/\/pre.sistemacreo.com\/pt-br\/wp-json\/wp\/v2\/users\/1"}],"replies":[{"embeddable":true,"href":"https:\/\/pre.sistemacreo.com\/pt-br\/wp-json\/wp\/v2\/comments?post=3373"}],"version-history":[{"count":0,"href":"https:\/\/pre.sistemacreo.com\/pt-br\/wp-json\/wp\/v2\/pages\/3373\/revisions"}],"wp:attachment":[{"href":"https:\/\/pre.sistemacreo.com\/pt-br\/wp-json\/wp\/v2\/media?parent=3373"}],"curies":[{"name":"wp","href":"https:\/\/api.w.org\/{rel}","templated":true}]}}